{"id":1538,"date":"2026-04-22T07:11:20","date_gmt":"2026-04-22T07:11:20","guid":{"rendered":"https:\/\/wobbit.eu\/impressum\/"},"modified":"2026-04-22T17:01:51","modified_gmt":"2026-04-22T17:01:51","slug":"impressum","status":"publish","type":"page","link":"https:\/\/wobbit.eu\/pl\/impressum\/","title":{"rendered":"Impressum"},"content":{"rendered":"\t\t<div data-elementor-type=\"wp-page\" data-elementor-id=\"1538\" class=\"elementor elementor-1538 elementor-1465\" data-elementor-post-type=\"page\">\n\t\t\t\t<div class=\"elementor-element elementor-element-425f080 e-con-full e-flex e-con e-parent\" data-id=\"425f080\" data-element_type=\"container\" data-e-type=\"container\" data-settings=\"{&quot;background_background&quot;:&quot;classic&quot;}\">\n\t\t<div class=\"elementor-element elementor-element-5c5c5af e-flex e-con-boxed e-con e-child\" data-id=\"5c5c5af\" data-element_type=\"container\" data-e-type=\"container\">\n\t\t\t\t\t<div class=\"e-con-inner\">\n\t\t<div class=\"elementor-element elementor-element-3e3a3ac e-con-full e-flex e-con e-child\" data-id=\"3e3a3ac\" data-element_type=\"container\" data-e-type=\"container\">\n\t\t<div class=\"elementor-element elementor-element-ab7ec19 e-con-full e-flex e-con e-child\" data-id=\"ab7ec19\" data-element_type=\"container\" data-e-type=\"container\">\n\t\t<div class=\"elementor-element elementor-element-ef27ef0 e-con-full e-flex e-con e-child\" data-id=\"ef27ef0\" data-element_type=\"container\" data-e-type=\"container\">\n\t\t\t\t\t\t\t<h2 \n\t\tdata-interaction-id=\"c712550\" \n\t\tclass=\"e-c712550-b0b8251 e-heading-base\" \n\t\t \n\t\tdata-e-type=\"widget\" data-id=\"c712550\"\n\t>\n\t\n\t\t\tImpressum\n\t\t<\/h2>\n\t\t\t\t<div class=\"elementor-element elementor-element-459fcad elementor-widget elementor-widget-image\" data-id=\"459fcad\" data-element_type=\"widget\" data-e-type=\"widget\" data-widget_type=\"image.default\">\n\t\t\t\t\t\t\t\t\t\t\t\t\t\t\t<img decoding=\"async\" width=\"224\" height=\"10\" src=\"https:\/\/wobbit.eu\/wp-content\/uploads\/2026\/04\/impressum-title-bg.png\" class=\"attachment-full size-full wp-image-1440\" alt=\"\" \/>\t\t\t\t\t\t\t\t\t\t\t\t\t\t\t<\/div>\n\t\t\t\t\t\t\t<h3 \n\t\tdata-interaction-id=\"95a4602\" \n\t\tclass=\"e-95a4602-486aa6f e-95a4602-486aa6f e-heading-base\" \n\t\t \n\t\tdata-e-type=\"widget\" data-id=\"95a4602\"\n\t>\n\t\n\t\t\t1. Dostawca\n\t\t<\/h3>\n\t\t\t\t\t\t\t\t<p class=\"e-586c004-033a275 e-paragraph-base\" data-interaction-id=\"586c004\"  data-e-type=\"widget\" data-id=\"586c004\">\n\t\t\t\t\t\t\t\tWobbit UG (haftungsbeschr\u00e4nkt)\n\t\t\t\t\t<\/p>\n\t\t\t\t\t\t\t\t<p class=\"e-37e5ccf-43eeedf e-paragraph-base\" data-interaction-id=\"37e5ccf\"  data-e-type=\"widget\" data-id=\"37e5ccf\">\n\t\t\t\t\t\t\t\tSandfuhren 12\n\t\t\t\t\t<\/p>\n\t\t\t\t\t\t\t\t<p class=\"e-3c56164-1964cbb e-paragraph-base\" data-interaction-id=\"3c56164\"  data-e-type=\"widget\" data-id=\"3c56164\">\n\t\t\t\t\t\t\t\t38448 Wolfsburg\n\t\t\t\t\t<\/p>\n\t\t\t\t\t\t\t\t<p class=\"e-c7e57b8-d524bdc e-paragraph-base\" data-interaction-id=\"c7e57b8\"  data-e-type=\"widget\" data-id=\"c7e57b8\">\n\t\t\t\t\t\t\t\tNiemcy\n\t\t\t\t\t<\/p>\n\t\t\t\t<\/div>\n\t\t<div class=\"elementor-element elementor-element-0d9e4cf e-con-full e-flex e-con e-child\" data-id=\"0d9e4cf\" data-element_type=\"container\" data-e-type=\"container\">\n\t\t\t\t\t\t\t<h3 \n\t\tdata-interaction-id=\"0b253a8\" \n\t\tclass=\"e-0b253a8-58bb142 e-0b253a8-58bb142 e-heading-base\" \n\t\t \n\t\tdata-e-type=\"widget\" data-id=\"0b253a8\"\n\t>\n\t\n\t\t\t2. Kontakt\n\t\t<\/h3>\n\t\t\t\t\t\t\t\t<p class=\"e-6ce4752-9a18f38 e-paragraph-base\" data-interaction-id=\"6ce4752\"  data-e-type=\"widget\" data-id=\"6ce4752\">\n\t\t\t\t\t\t\t\tTelefon: <a target=\"_blank\" href=\"tel:+49%2030%206293980%E2%80%910\"><strong>+49 30 6293980-0<\/strong><\/a>\n\t\t\t\t\t<\/p>\n\t\t\t\t\t\t\t\t<p class=\"e-87d52a3-6e8f4b3 e-paragraph-base\" data-interaction-id=\"87d52a3\"  data-e-type=\"widget\" data-id=\"87d52a3\">\n\t\t\t\t\t\t\t\tE-Mail: <a target=\"_blank\" href=\"mailto:contact@wobbit.eu\"><strong>contact@wobbit.eu<\/strong><\/a>\n\t\t\t\t\t<\/p>\n\t\t\t\t<\/div>\n\t\t<div class=\"elementor-element elementor-element-bbe470b e-con-full e-flex e-con e-child\" data-id=\"bbe470b\" data-element_type=\"container\" data-e-type=\"container\">\n\t\t\t\t\t\t\t<h3 \n\t\tdata-interaction-id=\"c8c9cfa\" \n\t\tclass=\"e-c8c9cfa-0df9c63 e-c8c9cfa-0df9c63 e-c8c9cfa-0df9c63 e-heading-base\" \n\t\t \n\t\tdata-e-type=\"widget\" data-id=\"c8c9cfa\"\n\t>\n\t\n\t\t\t3. Osoba uprawniona do reprezentacji\n\t\t<\/h3>\n\t\t\t\t\t\t\t\t<p class=\"e-89b088e-07ca1d8 e-paragraph-base\" data-interaction-id=\"89b088e\"  data-e-type=\"widget\" data-id=\"89b088e\">\n\t\t\t\t\t\t\t\tPrezes zarz\u0105du::<strong> Daniel Draeger<\/strong>\n\t\t\t\t\t<\/p>\n\t\t\t\t<\/div>\n\t\t<div class=\"elementor-element elementor-element-96813db e-con-full e-flex e-con e-child\" data-id=\"96813db\" data-element_type=\"container\" data-e-type=\"container\">\n\t\t\t\t\t\t\t<h3 \n\t\tdata-interaction-id=\"30356c4\" \n\t\tclass=\"e-30356c4-dc923ec e-30356c4-dc923ec e-30356c4-dc923ec e-heading-base\" \n\t\t \n\t\tdata-e-type=\"widget\" data-id=\"30356c4\"\n\t>\n\t\n\t\t\t4. Dane przedsi\u0119biorstwa\n\t\t<\/h3>\n\t\t\t\t\t\t\t\t<p class=\"e-002104f-1a54315 e-paragraph-base\" data-interaction-id=\"002104f\"  data-e-type=\"widget\" data-id=\"002104f\">\n\t\t\t\t\t\t\t\tSiedziba sp\u00f3\u0142ki: Wolfsburg, Niemcy\n\t\t\t\t\t<\/p>\n\t\t\t\t\t\t\t\t<p class=\"e-5bb5f0e-a03a6e7 e-paragraph-base\" data-interaction-id=\"5bb5f0e\"  data-e-type=\"widget\" data-id=\"5bb5f0e\">\n\t\t\t\t\t\t\t\tRejestr handlowy: S\u0105d Rejonowy w Brunszwiku, HRB 212668\n\t\t\t\t\t<\/p>\n\t\t\t\t\t\t\t\t<p class=\"e-3b38f5b-1f0bbcf e-paragraph-base\" data-interaction-id=\"3b38f5b\"  data-e-type=\"widget\" data-id=\"3b38f5b\">\n\t\t\t\t\t\t\t\tNumer podatkowy: 19\/204\/01269 oraz NIP UE: DE458833677\n\t\t\t\t\t<\/p>\n\t\t\t\t<\/div>\n\t\t<div class=\"elementor-element elementor-element-ffba79c e-con-full e-flex e-con e-child\" data-id=\"ffba79c\" data-element_type=\"container\" data-e-type=\"container\">\n\t\t\t\t\t\t\t<h3 \n\t\tdata-interaction-id=\"c65c2df\" \n\t\tclass=\"e-c65c2df-c190cf3 e-c65c2df-c190cf3 e-heading-base\" \n\t\t \n\t\tdata-e-type=\"widget\" data-id=\"c65c2df\"\n\t>\n\t\n\t\t\t5. Osoba odpowiedzialna zgodnie z \u00a7 18 ust. 2 MStV5. Verantwortlich i. S. d. \u00a7 18 Abs. 2 MStV \n\t\t<\/h3>\n\t\t\t\t\t\t\t\t<p class=\"e-9f673e3-1f421cc e-paragraph-base\" data-interaction-id=\"9f673e3\"  data-e-type=\"widget\" data-id=\"9f673e3\">\n\t\t\t\t\t\t\t\tDaniel Draeger (adres jak wy\u017cej)\n\t\t\t\t\t<\/p>\n\t\t\t\t<\/div>\n\t\t\t\t<\/div>\n\t\t\t\t<\/div>\n\t\t<div class=\"elementor-element elementor-element-f7798dc e-con-full e-flex e-con e-child\" data-id=\"f7798dc\" data-element_type=\"container\" data-e-type=\"container\">\n\t\t<div class=\"elementor-element elementor-element-34115fa e-con-full e-flex e-con e-child\" data-id=\"34115fa\" data-element_type=\"container\" data-e-type=\"container\">\n\t\t<div class=\"elementor-element elementor-element-8b8af2a e-con-full e-flex e-con e-child\" data-id=\"8b8af2a\" data-element_type=\"container\" data-e-type=\"container\">\n\t\t\t\t\t\t\t<h2 \n\t\tdata-interaction-id=\"247f309\" \n\t\tclass=\"e-247f309-81351d2 e-247f309-81351d2 e-heading-base\" \n\t\t \n\t\tdata-e-type=\"widget\" data-id=\"247f309\"\n\t>\n\t\n\t\t\tPolityka prywatno\u015bci\n\t\t<\/h2>\n\t\t\t\t<div class=\"elementor-element elementor-element-de63eb6 elementor-widget elementor-widget-image\" data-id=\"de63eb6\" data-element_type=\"widget\" data-e-type=\"widget\" data-widget_type=\"image.default\">\n\t\t\t\t\t\t\t\t\t\t\t\t\t\t\t<img decoding=\"async\" width=\"224\" height=\"10\" src=\"https:\/\/wobbit.eu\/wp-content\/uploads\/2026\/04\/impressum-title-bg.png\" class=\"attachment-full size-full wp-image-1440\" alt=\"\" \/>\t\t\t\t\t\t\t\t\t\t\t\t\t\t\t<\/div>\n\t\t\t\t\t\t\t<h3 \n\t\tdata-interaction-id=\"301fc29\" \n\t\tclass=\"e-301fc29-e96e7af e-heading-base\" \n\t\t \n\t\tdata-e-type=\"widget\" data-id=\"301fc29\"\n\t>\n\t\n\t\t\t1. Informacje og\u00f3lne\n\t\t<\/h3>\n\t\t\t\t\t\t\t\t<p class=\"e-bf1b8fa-0d66215 e-paragraph-base\" data-interaction-id=\"bf1b8fa\"  data-e-type=\"widget\" data-id=\"bf1b8fa\">\n\t\t\t\t\t\t\t\tNiniejsza strona internetowa s\u0142u\u017cy wy\u0142\u0105cznie do prezentacji informacji o przedsi\u0119biorstwie. Nie s\u0105 wykorzystywane pliki cookies, nie s\u0105 integrowane \u017cadne zewn\u0119trzne skrypty ani nie jest prowadzony profiling u\u017cytkownik\u00f3w. Dane z log\u00f3w serwera (np. adres IP, data\/godzina, \u017c\u0105dany URL) s\u0105 przetwarzane przez dostawc\u0119 hostingu (Strato AG) w celach bezpiecze\u0144stwa i operacyjnych oraz przechowywane zgodnie z jego polityk\u0105 prywatno\u015bci.  \n\t\t\t\t\t<\/p>\n\t\t\t\t<\/div>\n\t\t<div class=\"elementor-element elementor-element-ee3e01c e-con-full e-flex e-con e-child\" data-id=\"ee3e01c\" data-element_type=\"container\" data-e-type=\"container\">\n\t\t\t\t\t\t\t<h3 \n\t\tdata-interaction-id=\"df06675\" \n\t\tclass=\"e-df06675-a6cdd5c e-heading-base\" \n\t\t \n\t\tdata-e-type=\"widget\" data-id=\"df06675\"\n\t>\n\t\n\t\t\t2. Administrator danych\n\t\t<\/h3>\n\t\t\t\t\t\t\t\t<p class=\"e-7974931-dc6589d e-paragraph-base\" data-interaction-id=\"7974931\"  data-e-type=\"widget\" data-id=\"7974931\">\n\t\t\t\t\t\t\t\tAdministrator danych zgodnie z RODO: <strong id=\"e-moa85p2o-9hx4eqw\">Wobbit UG (haftungsbeschr\u00e4nkt)<\/strong>, reprezentowana przez prezesa zarz\u0105du Danielem Draegerem.\n\t\t\t\t\t<\/p>\n\t\t\t\t<\/div>\n\t\t<div class=\"elementor-element elementor-element-add58b9 e-con-full e-flex e-con e-child\" data-id=\"add58b9\" data-element_type=\"container\" data-e-type=\"container\">\n\t\t\t\t\t\t\t<h3 \n\t\tdata-interaction-id=\"fcd0437\" \n\t\tclass=\"e-fcd0437-4caa1e8 e-heading-base\" \n\t\t \n\t\tdata-e-type=\"widget\" data-id=\"fcd0437\"\n\t>\n\t\n\t\t\t3. Kontakt e-mailowy\n\t\t<\/h3>\n\t\t\t\t\t\t\t\t<p class=\"e-772f5ba-5f64bd0 e-paragraph-base\" data-interaction-id=\"772f5ba\"  data-e-type=\"widget\" data-id=\"772f5ba\">\n\t\t\t\t\t\t\t\tBei Kontakt per E-Mail verarbeiten wir die von Ihnen \u00fcbermittelten Daten ausschlie\u00dflich zur Bearbeitung Ihrer Anfrage. Rechtsgrundlage ist Art. 6 Abs. 1 lit. f DSGVO. Die Daten werden gel\u00f6scht, sobald der Zweck entf\u00e4llt und keine gesetzlichen Aufbewahrungspflichten bestehen.    \n\t\t\t\t\t<\/p>\n\t\t\t\t<\/div>\n\t\t<div class=\"elementor-element elementor-element-6837423 e-con-full e-flex e-con e-child\" data-id=\"6837423\" data-element_type=\"container\" data-e-type=\"container\">\n\t\t\t\t\t\t\t<h3 \n\t\tdata-interaction-id=\"d0ba1b3\" \n\t\tclass=\"e-d0ba1b3-c8eb7ab e-heading-base\" \n\t\t \n\t\tdata-e-type=\"widget\" data-id=\"d0ba1b3\"\n\t>\n\t\n\t\t\t4. Pa\u0144stwa prawa\n\t\t<\/h3>\n\t\t\t\t\t\t\t\t<p class=\"e-4866144-ede960e e-paragraph-base\" data-interaction-id=\"4866144\"  data-e-type=\"widget\" data-id=\"4866144\">\n\t\t\t\t\t\t\t\tPrzys\u0142uguje Pa\u0144stwu prawo do dost\u0119pu do danych, ich sprostowania, usuni\u0119cia, ograniczenia przetwarzania, przenoszenia danych oraz wniesienia sprzeciwu. W tym celu prosimy o kontakt na adres <a target=\"_blank\" href=\"mailto:contact@wobbit.eu\"><strong>contact@wobbit.eu<\/strong><\/a>. \n\t\t\t\t\t<\/p>\n\t\t\t\t<\/div>\n\t\t<div class=\"elementor-element elementor-element-f91206f e-con-full e-flex e-con e-child\" data-id=\"f91206f\" data-element_type=\"container\" data-e-type=\"container\">\n\t\t\t\t\t\t\t<h3 \n\t\tdata-interaction-id=\"0740cfa\" \n\t\tclass=\"e-0740cfa-c2a6437 e-heading-base\" \n\t\t \n\t\tdata-e-type=\"widget\" data-id=\"0740cfa\"\n\t>\n\t\n\t\t\t5. Zmiany\n\t\t<\/h3>\n\t\t\t\t\t\t\t\t<p class=\"e-a5e934e-e72cd9a e-paragraph-base\" data-interaction-id=\"a5e934e\"  data-e-type=\"widget\" data-id=\"a5e934e\">\n\t\t\t\t\t\t\t\tZastrzegamy sobie prawo do wprowadzania zmian w niniejszych informacjach w razie potrzeby.<br>\n\t\t\t\t\t<\/p>\n\t\t\t\t<\/div>\n\t\t\t\t<\/div>\n\t\t\t\t<\/div>\n\t\t<div class=\"elementor-element elementor-element-1707df3 e-con-full e-flex e-con e-child\" data-id=\"1707df3\" data-element_type=\"container\" data-e-type=\"container\">\n\t\t<div class=\"elementor-element elementor-element-c4f354b e-con-full e-flex e-con e-child\" data-id=\"c4f354b\" data-element_type=\"container\" data-e-type=\"container\">\n\t\t<div class=\"elementor-element elementor-element-f765489 e-con-full e-flex e-con e-child\" data-id=\"f765489\" data-element_type=\"container\" data-e-type=\"container\">\n\t\t\t\t\t\t\t<h2 \n\t\tdata-interaction-id=\"18f85fc\" \n\t\tclass=\"e-18f85fc-be4371a e-heading-base\" \n\t\t \n\t\tdata-e-type=\"widget\" data-id=\"18f85fc\"\n\t>\n\t\n\t\t\tWy\u0142\u0105czenie odpowiedzialno\u015bci \/ Klauzula e-mailowa\n\t\t<\/h2>\n\t\t\t\t<div class=\"elementor-element elementor-element-ce69d0e elementor-widget elementor-widget-image\" data-id=\"ce69d0e\" data-element_type=\"widget\" data-e-type=\"widget\" data-widget_type=\"image.default\">\n\t\t\t\t\t\t\t\t\t\t\t\t\t\t\t<img decoding=\"async\" width=\"224\" height=\"10\" src=\"https:\/\/wobbit.eu\/wp-content\/uploads\/2026\/04\/impressum-title-bg.png\" class=\"attachment-full size-full wp-image-1440\" alt=\"\" \/>\t\t\t\t\t\t\t\t\t\t\t\t\t\t\t<\/div>\n\t\t\t\t\t\t\t\t<p class=\"e-219f2e3-a8f0c1f e-paragraph-base\" data-interaction-id=\"219f2e3\"  data-e-type=\"widget\" data-id=\"219f2e3\">\n\t\t\t\t\t\t\t\tNiniejsza wiadomo\u015b\u0107 e-mail oraz wszelkie za\u0142\u0105czniki mog\u0105 zawiera\u0107 informacje poufne i\/lub prawnie chronione. Je\u015bli nie s\u0105 Pa\u0144stwo jej zamierzonym odbiorc\u0105 lub otrzymali j\u0105 Pa\u0144stwo omy\u0142kowo, prosimy o poinformowanie nadawcy oraz niezw\u0142oczne usuni\u0119cie wiadomo\u015bci. Nieuprawnione kopiowanie, zapisywanie, drukowanie lub rozpowszechnianie tej wiadomo\u015bci lub jej cz\u0119\u015bci jest zabronione.  \n\t\t\t\t\t<\/p>\n\t\t\t\t<\/div>\n\t\t<div class=\"elementor-element elementor-element-afc24ec e-con-full e-flex e-con e-child\" data-id=\"afc24ec\" data-element_type=\"container\" data-e-type=\"container\">\n\t\t\t\t\t\t\t\t<p class=\"e-20d6ff1-2905664 e-paragraph-base\" data-interaction-id=\"20d6ff1\"  data-e-type=\"widget\" data-id=\"20d6ff1\">\n\t\t\t\t\t\t\t\tPodj\u0119li\u015bmy odpowiednie \u015brodki w celu zminimalizowania ryzyka rozpowszechniania zainfekowanego oprogramowania. Zalecamy jednak samodzielne sprawdzenie za\u0142\u0105cznik\u00f3w pod k\u0105tem wirus\u00f3w przed ich otwarciem. Wy\u0142\u0105czamy \u2013 z wyj\u0105tkiem przypadk\u00f3w umy\u015blnego dzia\u0142ania lub ra\u017c\u0105cego niedbalstwa \u2013 wszelk\u0105 odpowiedzialno\u015b\u0107 za straty lub szkody spowodowane przez zainfekowane oprogramowanie lub wiadomo\u015bci e-mail.  \n\t\t\t\t\t<\/p>\n\t\t\t\t<\/div>\n\t\t<div class=\"elementor-element elementor-element-482b87c e-con-full e-flex e-con e-child\" data-id=\"482b87c\" data-element_type=\"container\" data-e-type=\"container\">\n\t\t\t\t\t\t\t\t<p class=\"e-b4a83de-80490f2 e-paragraph-base\" data-interaction-id=\"b4a83de\"  data-e-type=\"widget\" data-id=\"b4a83de\">\n\t\t\t\t\t\t\t\tWiadomo\u015bci e-mail wysy\u0142ane przez Wobbit UG (haftungsbeschr\u00e4nkt) s\u0105 przygotowywane z nale\u017cyt\u0105 staranno\u015bci\u0105, jednak nie maj\u0105 charakteru prawnie wi\u0105\u017c\u0105cego i nie stanowi\u0105 zobowi\u0105zania dla przedsi\u0119biorstwa.\n\t\t\t\t\t<\/p>\n\t\t\t\t<\/div>\n\t\t<div class=\"elementor-element elementor-element-b3f07e8 e-con-full e-flex e-con e-child\" data-id=\"b3f07e8\" data-element_type=\"container\" data-e-type=\"container\">\n\t\t\t\t<div class=\"elementor-element elementor-element-b5c3457 elementor-align-left elementor-widget elementor-widget-button\" data-id=\"b5c3457\" data-element_type=\"widget\" data-e-type=\"widget\" data-widget_type=\"button.default\">\n\t\t\t\t\t\t\t\t\t\t<a class=\"elementor-button elementor-button-link elementor-size-sm\" href=\"https:\/\/wobbit.eu\/pl\/\">\n\t\t\t\t\t\t<span class=\"elementor-button-content-wrapper\">\n\t\t\t\t\t\t<span class=\"elementor-button-icon\">\n\t\t\t\t<svg xmlns=\"http:\/\/www.w3.org\/2000\/svg\" width=\"30\" height=\"19\" viewBox=\"0 0 30 19\" fill=\"none\"><path d=\"M20.3538 1.30005L28.3 9.30005M28.3 9.30005L20.3538 17.3M28.3 9.30005H1.30005\" stroke=\"white\" stroke-width=\"2.6\" stroke-miterlimit=\"10\" stroke-linecap=\"round\" stroke-linejoin=\"round\"><\/path><\/svg>\t\t\t<\/span>\n\t\t\t\t\t\t\t\t\t<span class=\"elementor-button-text\">Wstecz<\/span>\n\t\t\t\t\t<\/span>\n\t\t\t\t\t<\/a>\n\t\t\t\t\t\t\t\t<\/div>\n\t\t\t\t<\/div>\n\t\t\t\t<\/div>\n\t\t\t\t<\/div>\n\t\t\t\t\t<\/div>\n\t\t\t\t<\/div>\n\t\t<div class=\"elementor-element elementor-element-0d9e10a e-flex e-con-boxed e-con e-child\" data-id=\"0d9e10a\" data-element_type=\"container\" data-e-type=\"container\">\n\t\t\t\t\t<div class=\"e-con-inner\">\n\t\t<div class=\"elementor-element elementor-element-21a8c3a e-flex e-con-boxed e-con e-child\" data-id=\"21a8c3a\" data-element_type=\"container\" data-e-type=\"container\">\n\t\t\t\t\t<div class=\"e-con-inner\">\n\t\t\t\t<div class=\"elementor-element elementor-element-317842b elementor-widget elementor-widget-text-editor\" data-id=\"317842b\" data-element_type=\"widget\" data-e-type=\"widget\" data-widget_type=\"text-editor.default\">\n\t\t\t\t\t\t\t\t\t<p>\u00a9 2026 <a href=\"https:\/\/wobbit.eu\/pl\/\">Wobbit<\/a>. Wszelkie prawa zastrze\u017cone.<\/p>\t\t\t\t\t\t\t\t<\/div>\n\t\t\t\t\t<\/div>\n\t\t\t\t<\/div>\n\t\t\t\t\t<\/div>\n\t\t\t\t<\/div>\n\t\t\t\t<\/div>\n\t\t\t\t<\/div>\n\t\t","protected":false},"excerpt":{"rendered":"<p>Impressum 1. Dostawca Wobbit UG (haftungsbeschr\u00e4nkt) Sandfuhren 12 38448 Wolfsburg Niemcy 2. Kontakt Telefon: +49 30 6293980-0 E-Mail: contact@wobbit.eu 3. Osoba uprawniona do reprezentacji Prezes zarz\u0105du:: Daniel Draeger 4. Dane przedsi\u0119biorstwa Siedziba sp\u00f3\u0142ki: Wolfsburg, Niemcy Rejestr handlowy: S\u0105d Rejonowy w Brunszwiku, HRB 212668 Numer podatkowy: 19\/204\/01269 oraz NIP UE: DE458833677 5. Osoba odpowiedzialna zgodnie z &#8230; <a title=\"Impressum\" class=\"read-more\" href=\"https:\/\/wobbit.eu\/pl\/impressum\/\" aria-label=\"Dowiedz si\u0119 wi\u0119cej o Impressum\">Dowiedz si\u0119 wi\u0119cej<\/a><\/p>\n","protected":false},"author":3,"featured_media":0,"parent":0,"menu_order":0,"comment_status":"closed","ping_status":"closed","template":"elementor_header_footer","meta":{"footnotes":""},"class_list":["post-1538","page","type-page","status-publish"],"_links":{"self":[{"href":"https:\/\/wobbit.eu\/pl\/wp-json\/wp\/v2\/pages\/1538","targetHints":{"allow":["GET"]}}],"collection":[{"href":"https:\/\/wobbit.eu\/pl\/wp-json\/wp\/v2\/pages"}],"about":[{"href":"https:\/\/wobbit.eu\/pl\/wp-json\/wp\/v2\/types\/page"}],"author":[{"embeddable":true,"href":"https:\/\/wobbit.eu\/pl\/wp-json\/wp\/v2\/users\/3"}],"replies":[{"embeddable":true,"href":"https:\/\/wobbit.eu\/pl\/wp-json\/wp\/v2\/comments?post=1538"}],"version-history":[{"count":19,"href":"https:\/\/wobbit.eu\/pl\/wp-json\/wp\/v2\/pages\/1538\/revisions"}],"predecessor-version":[{"id":2431,"href":"https:\/\/wobbit.eu\/pl\/wp-json\/wp\/v2\/pages\/1538\/revisions\/2431"}],"wp:attachment":[{"href":"https:\/\/wobbit.eu\/pl\/wp-json\/wp\/v2\/media?parent=1538"}],"curies":[{"name":"wp","href":"https:\/\/api.w.org\/{rel}","templated":true}]}}